{"id":19537,"date":"2022-04-15T19:48:24","date_gmt":"2022-04-15T19:48:24","guid":{"rendered":"https:\/\/fotokreis-siegen.de\/?page_id=19537"},"modified":"2026-01-05T15:29:25","modified_gmt":"2026-01-05T14:29:25","slug":"elementor-19537","status":"publish","type":"page","link":"https:\/\/fotokreis-siegen.de\/?page_id=19537","title":{"rendered":"Ausstellungen"},"content":{"rendered":"\t\t<div data-elementor-type=\"wp-page\" data-elementor-id=\"19537\" class=\"elementor elementor-19537\">\n\t\t\t\t\t\t<section class=\"elementor-section elementor-top-section elementor-element elementor-element-ffc0f5d elementor-section-boxed elementor-section-height-default elementor-section-height-default\" data-id=\"ffc0f5d\" data-element_type=\"section\" data-e-type=\"section\">\n\t\t\t\t\t\t<div class=\"elementor-container elementor-column-gap-default\">\n\t\t\t\t\t<div class=\"elementor-column elementor-col-100 elementor-top-column elementor-element elementor-element-61d3a0d\" data-id=\"61d3a0d\" data-element_type=\"column\" data-e-type=\"column\">\n\t\t\t<div class=\"elementor-widget-wrap elementor-element-populated\">\n\t\t\t\t\t\t<div class=\"elementor-element elementor-element-1d24d4e elementor-widget elementor-widget-heading\" data-id=\"1d24d4e\" data-element_type=\"widget\" data-e-type=\"widget\" data-widget_type=\"heading.default\">\n\t\t\t\t<div class=\"elementor-widget-container\">\n\t\t\t\t\t<h2 class=\"elementor-heading-title elementor-size-default\">Aktuelle Ausstellungen<\/h2>\t\t\t\t<\/div>\n\t\t\t\t<\/div>\n\t\t\t\t\t<\/div>\n\t\t<\/div>\n\t\t\t\t\t<\/div>\n\t\t<\/section>\n\t\t\t\t<section class=\"elementor-section elementor-top-section elementor-element elementor-element-20e8a78 elementor-section-boxed elementor-section-height-default elementor-section-height-default\" data-id=\"20e8a78\" data-element_type=\"section\" data-e-type=\"section\">\n\t\t\t\t\t\t<div class=\"elementor-container elementor-column-gap-default\">\n\t\t\t\t\t<div class=\"elementor-column elementor-col-100 elementor-top-column elementor-element elementor-element-8814655\" data-id=\"8814655\" data-element_type=\"column\" data-e-type=\"column\">\n\t\t\t<div class=\"elementor-widget-wrap elementor-element-populated\">\n\t\t\t\t\t\t<div class=\"elementor-element elementor-element-d317718 elementor-widget elementor-widget-text-editor\" data-id=\"d317718\" data-element_type=\"widget\" data-e-type=\"widget\" data-widget_type=\"text-editor.default\">\n\t\t\t\t<div class=\"elementor-widget-container\">\n\t\t\t\t\t\t\t\t\t<p>Dies sind aktuell laufende und kommende Ausstellungen, an denen auch einige unserer Mitglieder beteiligt sind. Informationen zu den Orten, Terminen und \u00d6ffnungszeiten k\u00f6nnen Sie den Begleittexten entnehmen.<\/p>\t\t\t\t\t\t\t\t<\/div>\n\t\t\t\t<\/div>\n\t\t\t\t\t<\/div>\n\t\t<\/div>\n\t\t\t\t\t<\/div>\n\t\t<\/section>\n\t\t\t\t<section class=\"elementor-section elementor-top-section elementor-element elementor-element-de9b612 elementor-section-boxed elementor-section-height-default elementor-section-height-default\" data-id=\"de9b612\" data-element_type=\"section\" data-e-type=\"section\">\n\t\t\t\t\t\t<div class=\"elementor-container elementor-column-gap-default\">\n\t\t\t\t\t<div class=\"elementor-column elementor-col-50 elementor-top-column elementor-element elementor-element-e5af7b2\" data-id=\"e5af7b2\" data-element_type=\"column\" data-e-type=\"column\">\n\t\t\t<div class=\"elementor-widget-wrap elementor-element-populated\">\n\t\t\t\t\t\t<div class=\"elementor-element elementor-element-91fbdad elementor-widget elementor-widget-image\" data-id=\"91fbdad\" data-element_type=\"widget\" data-e-type=\"widget\" data-widget_type=\"image.default\">\n\t\t\t\t<div class=\"elementor-widget-container\">\n\t\t\t\t\t\t\t\t\t\t\t\t\t\t\t<img fetchpriority=\"high\" decoding=\"async\" width=\"350\" height=\"495\" src=\"https:\/\/fotokreis-siegen.de\/wp-content\/uploads\/2025\/12\/FKS_t_2026-350x495.jpg\" class=\"attachment-sydney-service-thumb size-sydney-service-thumb wp-image-24751\" alt=\"\" srcset=\"https:\/\/fotokreis-siegen.de\/wp-content\/uploads\/2025\/12\/FKS_t_2026-350x495.jpg 350w, https:\/\/fotokreis-siegen.de\/wp-content\/uploads\/2025\/12\/FKS_t_2026-212x300.jpg 212w, https:\/\/fotokreis-siegen.de\/wp-content\/uploads\/2025\/12\/FKS_t_2026-724x1024.jpg 724w, https:\/\/fotokreis-siegen.de\/wp-content\/uploads\/2025\/12\/FKS_t_2026-230x325.jpg 230w, https:\/\/fotokreis-siegen.de\/wp-content\/uploads\/2025\/12\/FKS_t_2026-480x679.jpg 480w, https:\/\/fotokreis-siegen.de\/wp-content\/uploads\/2025\/12\/FKS_t_2026.jpg 764w\" sizes=\"(max-width: 350px) 100vw, 350px\" \/>\t\t\t\t\t\t\t\t\t\t\t\t\t\t\t<\/div>\n\t\t\t\t<\/div>\n\t\t\t\t<div class=\"elementor-element elementor-element-d266b18 elementor-widget elementor-widget-image\" data-id=\"d266b18\" data-element_type=\"widget\" data-e-type=\"widget\" data-widget_type=\"image.default\">\n\t\t\t\t<div class=\"elementor-widget-container\">\n\t\t\t\t\t\t\t\t\t\t\t\t\t\t\t<img decoding=\"async\" src=\"http:\/\/fotokreis-siegen.de\/wp-content\/uploads\/2025\/11\/FKS_Plakat_2026.jpg\" title=\"\" alt=\"\" loading=\"lazy\" \/>\t\t\t\t\t\t\t\t\t\t\t\t\t\t\t<\/div>\n\t\t\t\t<\/div>\n\t\t\t\t\t<\/div>\n\t\t<\/div>\n\t\t\t\t<div class=\"elementor-column elementor-col-50 elementor-top-column elementor-element elementor-element-21afdf6\" data-id=\"21afdf6\" data-element_type=\"column\" data-e-type=\"column\">\n\t\t\t<div class=\"elementor-widget-wrap elementor-element-populated\">\n\t\t\t\t\t\t<div class=\"elementor-element elementor-element-65f48c1 elementor-widget elementor-widget-heading\" data-id=\"65f48c1\" data-element_type=\"widget\" data-e-type=\"widget\" data-widget_type=\"heading.default\">\n\t\t\t\t<div class=\"elementor-widget-container\">\n\t\t\t\t\t<h2 class=\"elementor-heading-title elementor-size-default\">Mitgliederausstellung 2026<\/h2>\t\t\t\t<\/div>\n\t\t\t\t<\/div>\n\t\t\t\t<div class=\"elementor-element elementor-element-ed368a0 elementor-widget elementor-widget-text-editor\" data-id=\"ed368a0\" data-element_type=\"widget\" data-e-type=\"widget\" data-widget_type=\"text-editor.default\">\n\t\t\t\t<div class=\"elementor-widget-container\">\n\t\t\t\t\t\t\t\t\t<div dir=\"auto\">Die Jahresausstellung der Mitglieder des Fotokreises Siegen zeigt neben den selbstgew\u00e4hlten Themen einzelner Mitglieder im Erdgeschoss auch die Sonderschau \u201eWasser\u201c im Untergeschoss der Galerie \u201eHaus Seel\u201c. Die 16 ausstellenden Mitglieder zeigen in ihren Bildern das breite Spektrum fotografischer Arbeiten.<\/div><div dir=\"auto\">\u00a0<\/div><div dir=\"auto\">Die Ausstellung \u00f6fnet ihre T\u00fcren f\u00fcr die Besucher am 8. Januar um 19 Uhr mit der Vernissage und endet am 1. Februar 2026. Die Ausstellung ist ge\u00f6ffnet von Dienstag bis Samstag von 14.00 Uhr bis 18.00 Uhr und am Sonntag von 11.00 bis 13:00 Uhr sowe von 14:00 bis 18:00 Uhr. Der Eintritt ist frei. W\u00e4hrend der Ausstellung kann ein Ausstellungskatalog zu einen Preis von 2 Euro erworben werden.\u00a0<\/div><div dir=\"auto\">\u00a0<\/div><div dir=\"auto\"><b>St\u00e4dtische Galerie Haus Seel, Siegen<\/b><\/div>\t\t\t\t\t\t\t\t<\/div>\n\t\t\t\t<\/div>\n\t\t\t\t\t<\/div>\n\t\t<\/div>\n\t\t\t\t\t<\/div>\n\t\t<\/section>\n\t\t\t\t<section class=\"elementor-section elementor-top-section elementor-element elementor-element-31356c7 elementor-section-boxed elementor-section-height-default elementor-section-height-default\" data-id=\"31356c7\" data-element_type=\"section\" data-e-type=\"section\">\n\t\t\t\t\t\t<div class=\"elementor-container elementor-column-gap-default\">\n\t\t\t\t\t<div class=\"elementor-column elementor-col-100 elementor-top-column elementor-element elementor-element-90f516b\" data-id=\"90f516b\" data-element_type=\"column\" data-e-type=\"column\">\n\t\t\t<div class=\"elementor-widget-wrap elementor-element-populated\">\n\t\t\t\t\t\t<div class=\"elementor-element elementor-element-829ca10 elementor-widget elementor-widget-spacer\" data-id=\"829ca10\" data-element_type=\"widget\" data-e-type=\"widget\" data-widget_type=\"spacer.default\">\n\t\t\t\t<div class=\"elementor-widget-container\">\n\t\t\t\t\t\t\t<div class=\"elementor-spacer\">\n\t\t\t<div class=\"elementor-spacer-inner\"><\/div>\n\t\t<\/div>\n\t\t\t\t\t\t<\/div>\n\t\t\t\t<\/div>\n\t\t\t\t\t<\/div>\n\t\t<\/div>\n\t\t\t\t\t<\/div>\n\t\t<\/section>\n\t\t\t\t<section class=\"elementor-section elementor-top-section elementor-element elementor-element-373fc92 elementor-section-boxed elementor-section-height-default elementor-section-height-default\" data-id=\"373fc92\" data-element_type=\"section\" data-e-type=\"section\">\n\t\t\t\t\t\t<div class=\"elementor-container elementor-column-gap-default\">\n\t\t\t\t\t<div class=\"elementor-column elementor-col-50 elementor-top-column elementor-element elementor-element-e86ae80\" data-id=\"e86ae80\" data-element_type=\"column\" data-e-type=\"column\">\n\t\t\t<div class=\"elementor-widget-wrap elementor-element-populated\">\n\t\t\t\t\t\t<div class=\"elementor-element elementor-element-f340ed7 elementor-widget elementor-widget-image\" data-id=\"f340ed7\" data-element_type=\"widget\" data-e-type=\"widget\" data-widget_type=\"image.default\">\n\t\t\t\t<div class=\"elementor-widget-container\">\n\t\t\t\t\t\t\t\t\t\t\t\t\t\t\t<img decoding=\"async\" width=\"350\" height=\"462\" src=\"https:\/\/fotokreis-siegen.de\/wp-content\/uploads\/2025\/11\/Plakat_Nah_und_Fern_Herborn_2025-350x462.jpg\" class=\"attachment-sydney-service-thumb size-sydney-service-thumb wp-image-24698\" alt=\"\" srcset=\"https:\/\/fotokreis-siegen.de\/wp-content\/uploads\/2025\/11\/Plakat_Nah_und_Fern_Herborn_2025-350x462.jpg 350w, https:\/\/fotokreis-siegen.de\/wp-content\/uploads\/2025\/11\/Plakat_Nah_und_Fern_Herborn_2025-228x300.jpg 228w, https:\/\/fotokreis-siegen.de\/wp-content\/uploads\/2025\/11\/Plakat_Nah_und_Fern_Herborn_2025-777x1024.jpg 777w, https:\/\/fotokreis-siegen.de\/wp-content\/uploads\/2025\/11\/Plakat_Nah_und_Fern_Herborn_2025-768x1013.jpg 768w, https:\/\/fotokreis-siegen.de\/wp-content\/uploads\/2025\/11\/Plakat_Nah_und_Fern_Herborn_2025-230x303.jpg 230w, https:\/\/fotokreis-siegen.de\/wp-content\/uploads\/2025\/11\/Plakat_Nah_und_Fern_Herborn_2025-480x633.jpg 480w, https:\/\/fotokreis-siegen.de\/wp-content\/uploads\/2025\/11\/Plakat_Nah_und_Fern_Herborn_2025.jpg 819w\" sizes=\"(max-width: 350px) 100vw, 350px\" \/>\t\t\t\t\t\t\t\t\t\t\t\t\t\t\t<\/div>\n\t\t\t\t<\/div>\n\t\t\t\t\t<\/div>\n\t\t<\/div>\n\t\t\t\t<div class=\"elementor-column elementor-col-50 elementor-top-column elementor-element elementor-element-1d72569\" data-id=\"1d72569\" data-element_type=\"column\" data-e-type=\"column\">\n\t\t\t<div class=\"elementor-widget-wrap elementor-element-populated\">\n\t\t\t\t\t\t<div class=\"elementor-element elementor-element-33de32a elementor-widget elementor-widget-heading\" data-id=\"33de32a\" data-element_type=\"widget\" data-e-type=\"widget\" data-widget_type=\"heading.default\">\n\t\t\t\t<div class=\"elementor-widget-container\">\n\t\t\t\t\t<h2 class=\"elementor-heading-title elementor-size-default\">Nah und Fern<\/h2>\t\t\t\t<\/div>\n\t\t\t\t<\/div>\n\t\t\t\t<div class=\"elementor-element elementor-element-d901ae6 elementor-widget elementor-widget-text-editor\" data-id=\"d901ae6\" data-element_type=\"widget\" data-e-type=\"widget\" data-widget_type=\"text-editor.default\">\n\t\t\t\t<div class=\"elementor-widget-container\">\n\t\t\t\t\t\t\t\t\t<div class=\"kvgmc6g5 cxmmr5t8 oygrvhab hcukyx3x c1et5uql ii04i59q\"><div dir=\"auto\">Die Gemeinschaftsausstellung der Fotofreunden Herborn zusammen mit dem Fotoclub Niederscheld \u00f6ffnet ihre T\u00fcren f\u00fcr die Besucher am 29. November um 13 Uhr. Die Vernissage findet am Freitag, den 28. November um 19 Uhr, statt. Die Ausstellung zeigt das breite fotografische Spektrum mit dem Motto \u201eNah und Fern &#8211; Vielfalt der Perspektiven\u201c.\u00a0<\/div><\/div><div class=\"kvgmc6g5 cxmmr5t8 oygrvhab hcukyx3x c1et5uql ii04i59q\"><div dir=\"auto\">\u00a0<\/div><\/div><div class=\"cxmmr5t8 oygrvhab hcukyx3x c1et5uql o9v6fnle ii04i59q\"><div dir=\"auto\">Die Ausstellung l\u00e4uft vom 29. November bis zum 14. Dezember 2025 und ist jeweils von Mittwoch bis Freitag von 15.00 bis 20.00 Uhr sowie am Samstag und Sonntag von 13.00 bis 20.00 Uhr ge\u00f6ffnet. Der Eintritt in die Ausstellung ist kostenfrei.<\/div><\/div><div dir=\"auto\">\u00a0<\/div><div dir=\"auto\"><b>Haus der Vereine \u201eAlte F\u00e4rberei\u201c, Herborn<\/b><\/div>\t\t\t\t\t\t\t\t<\/div>\n\t\t\t\t<\/div>\n\t\t\t\t\t<\/div>\n\t\t<\/div>\n\t\t\t\t\t<\/div>\n\t\t<\/section>\n\t\t\t\t<section class=\"elementor-section elementor-top-section elementor-element elementor-element-42b5280 elementor-section-boxed elementor-section-height-default elementor-section-height-default\" data-id=\"42b5280\" data-element_type=\"section\" data-e-type=\"section\">\n\t\t\t\t\t\t<div class=\"elementor-container elementor-column-gap-default\">\n\t\t\t\t\t<div class=\"elementor-column elementor-col-100 elementor-top-column elementor-element elementor-element-b556216\" data-id=\"b556216\" data-element_type=\"column\" data-e-type=\"column\">\n\t\t\t<div class=\"elementor-widget-wrap elementor-element-populated\">\n\t\t\t\t\t\t<div class=\"elementor-element elementor-element-fd41089 elementor-widget elementor-widget-spacer\" data-id=\"fd41089\" data-element_type=\"widget\" data-e-type=\"widget\" data-widget_type=\"spacer.default\">\n\t\t\t\t<div class=\"elementor-widget-container\">\n\t\t\t\t\t\t\t<div class=\"elementor-spacer\">\n\t\t\t<div class=\"elementor-spacer-inner\"><\/div>\n\t\t<\/div>\n\t\t\t\t\t\t<\/div>\n\t\t\t\t<\/div>\n\t\t\t\t\t<\/div>\n\t\t<\/div>\n\t\t\t\t\t<\/div>\n\t\t<\/section>\n\t\t\t\t<\/div>\n\t\t","protected":false},"excerpt":{"rendered":"<p>Aktuelle Ausstellungen Dies sind aktuell laufende und kommende Ausstellungen, an denen auch einige unserer Mitglieder beteiligt sind. Informationen zu den Orten, Terminen [&hellip;]<\/p>\n","protected":false},"author":2,"featured_media":0,"parent":0,"menu_order":0,"comment_status":"closed","ping_status":"closed","template":"elementor_header_footer","meta":{"footnotes":""},"class_list":["post-19537","page","type-page","status-publish","hentry"],"jetpack_sharing_enabled":true,"_links":{"self":[{"href":"https:\/\/fotokreis-siegen.de\/index.php?rest_route=\/wp\/v2\/pages\/19537","targetHints":{"allow":["GET"]}}],"collection":[{"href":"https:\/\/fotokreis-siegen.de\/index.php?rest_route=\/wp\/v2\/pages"}],"about":[{"href":"https:\/\/fotokreis-siegen.de\/index.php?rest_route=\/wp\/v2\/types\/page"}],"author":[{"embeddable":true,"href":"https:\/\/fotokreis-siegen.de\/index.php?rest_route=\/wp\/v2\/users\/2"}],"replies":[{"embeddable":true,"href":"https:\/\/fotokreis-siegen.de\/index.php?rest_route=%2Fwp%2Fv2%2Fcomments&post=19537"}],"version-history":[{"count":115,"href":"https:\/\/fotokreis-siegen.de\/index.php?rest_route=\/wp\/v2\/pages\/19537\/revisions"}],"predecessor-version":[{"id":24771,"href":"https:\/\/fotokreis-siegen.de\/index.php?rest_route=\/wp\/v2\/pages\/19537\/revisions\/24771"}],"wp:attachment":[{"href":"https:\/\/fotokreis-siegen.de\/index.php?rest_route=%2Fwp%2Fv2%2Fmedia&parent=19537"}],"curies":[{"name":"wp","href":"https:\/\/api.w.org\/{rel}","templated":true}]}}