{"id":141,"date":"2017-04-16T18:04:22","date_gmt":"2017-04-16T16:04:22","guid":{"rendered":"http:\/\/fks.ic2.net\/wp\/?page_id=9"},"modified":"2026-05-09T17:56:05","modified_gmt":"2026-05-09T16:56:05","slug":"startseite","status":"publish","type":"page","link":"https:\/\/fotokreis-siegen.de\/","title":{"rendered":"Startseite"},"content":{"rendered":"\t\t<div data-elementor-type=\"wp-post\" data-elementor-id=\"141\" class=\"elementor elementor-141\">\n\t\t\t\t\t\t<section class=\"elementor-section elementor-top-section elementor-element elementor-element-bbb7df4 elementor-section-boxed elementor-section-height-default elementor-section-height-default\" data-id=\"bbb7df4\" data-element_type=\"section\" data-e-type=\"section\">\n\t\t\t\t\t\t<div class=\"elementor-container elementor-column-gap-default\">\n\t\t\t\t\t<div class=\"elementor-column elementor-col-100 elementor-top-column elementor-element elementor-element-7ccceb0\" data-id=\"7ccceb0\" data-element_type=\"column\" data-e-type=\"column\">\n\t\t\t<div class=\"elementor-widget-wrap elementor-element-populated\">\n\t\t\t\t\t\t<div class=\"elementor-element elementor-element-63b571f elementor-widget elementor-widget-text-editor\" data-id=\"63b571f\" data-element_type=\"widget\" data-e-type=\"widget\" data-widget_type=\"text-editor.default\">\n\t\t\t\t<div class=\"elementor-widget-container\">\n\t\t\t\t\t\t\t\t\t<p>Der Fotokreis-Siegen e.V. ist ein Zusammenschlu\u00df von Amateurfotografen aus dem Kreis Siegen-Wittgenstein und den umliegenden Landkreisen. Unser Vereinstreffen finden regelm\u00e4\u00dfig freitags ab 20 Uhr in unseren Vereinr\u00e4umen im Gymnasium \u201eAm L\u00f6hrtor\u201c statt. Was wir sonst noch treiben erfahren Sie, wenn Sie unser <a href=\"https:\/\/fotokreis-siegen.de\/?page_id=326\">Programm<\/a> lesen. Sie sind neugierig geworden? Besuchen Sie uns doch einfach &#8211; G\u00e4ste sind jederzeit herzlich willkommen. Weitere Informationen gibt es auch <a href=\"https:\/\/fotokreis-siegen.de\/?page_id=1124\">hier<\/a>.<\/p>\t\t\t\t\t\t\t\t<\/div>\n\t\t\t\t<\/div>\n\t\t\t\t\t<\/div>\n\t\t<\/div>\n\t\t\t\t\t<\/div>\n\t\t<\/section>\n\t\t\t\t<section class=\"elementor-section elementor-top-section elementor-element elementor-element-3926e43 elementor-section-boxed elementor-section-height-default elementor-section-height-default\" data-id=\"3926e43\" data-element_type=\"section\" data-e-type=\"section\">\n\t\t\t\t\t\t<div class=\"elementor-container elementor-column-gap-default\">\n\t\t\t\t\t<div class=\"elementor-column elementor-col-33 elementor-top-column elementor-element elementor-element-bba3354\" data-id=\"bba3354\" data-element_type=\"column\" data-e-type=\"column\">\n\t\t\t<div class=\"elementor-widget-wrap elementor-element-populated\">\n\t\t\t\t\t\t<div class=\"elementor-element elementor-element-5f17e5a elementor-widget elementor-widget-image\" data-id=\"5f17e5a\" data-element_type=\"widget\" data-e-type=\"widget\" data-widget_type=\"image.default\">\n\t\t\t\t<div class=\"elementor-widget-container\">\n\t\t\t\t\t\t\t\t\t\t\t\t\t\t\t\t<a href=\"http:\/\/fotokreis-siegen.de\/wp-content\/uploads\/2026\/05\/20260508-01.jpg\" data-elementor-open-lightbox=\"yes\" data-elementor-lightbox-title=\"Kruno Schmidt (EFIAP\/S) - Am Hexensteig\" data-e-action-hash=\"#elementor-action%3Aaction%3Dlightbox%26settings%3DeyJpZCI6MjUzNjEsInVybCI6Imh0dHBzOlwvXC9mb3Rva3JlaXMtc2llZ2VuLmRlXC93cC1jb250ZW50XC91cGxvYWRzXC8yMDI2XC8wNVwvMjAyNjA1MDgtMDEuanBnIn0%3D\">\n\t\t\t\t\t\t\t<img fetchpriority=\"high\" decoding=\"async\" width=\"768\" height=\"519\" src=\"https:\/\/fotokreis-siegen.de\/wp-content\/uploads\/2026\/05\/20260508-01-768x519.jpg\" class=\"attachment-medium_large size-medium_large wp-image-25361\" alt=\"\" srcset=\"http:\/\/fotokreis-siegen.de\/wp-content\/uploads\/2026\/05\/20260508-01-768x519.jpg 768w, http:\/\/fotokreis-siegen.de\/wp-content\/uploads\/2026\/05\/20260508-01-300x203.jpg 300w, http:\/\/fotokreis-siegen.de\/wp-content\/uploads\/2026\/05\/20260508-01-230x155.jpg 230w, http:\/\/fotokreis-siegen.de\/wp-content\/uploads\/2026\/05\/20260508-01-350x236.jpg 350w, http:\/\/fotokreis-siegen.de\/wp-content\/uploads\/2026\/05\/20260508-01-480x324.jpg 480w, http:\/\/fotokreis-siegen.de\/wp-content\/uploads\/2026\/05\/20260508-01.jpg 853w\" sizes=\"(max-width: 768px) 100vw, 768px\" \/>\t\t\t\t\t\t\t\t<\/a>\n\t\t\t\t\t\t\t\t\t\t\t\t\t\t\t<\/div>\n\t\t\t\t<\/div>\n\t\t\t\t\t<\/div>\n\t\t<\/div>\n\t\t\t\t<div class=\"elementor-column elementor-col-33 elementor-top-column elementor-element elementor-element-5040165\" data-id=\"5040165\" data-element_type=\"column\" data-e-type=\"column\">\n\t\t\t<div class=\"elementor-widget-wrap elementor-element-populated\">\n\t\t\t\t\t\t<div class=\"elementor-element elementor-element-6185d18 elementor-widget elementor-widget-text-editor\" data-id=\"6185d18\" data-element_type=\"widget\" data-e-type=\"widget\" data-widget_type=\"text-editor.default\">\n\t\t\t\t<div class=\"elementor-widget-container\">\n\t\t\t\t\t\t\t\t\t<h5>BdM Color<\/h5><p>Kruno Schmidt (EFIAP\/S) &#8211; Am Hexensteig<\/p>\t\t\t\t\t\t\t\t<\/div>\n\t\t\t\t<\/div>\n\t\t\t\t\t<\/div>\n\t\t<\/div>\n\t\t\t\t<div class=\"elementor-column elementor-col-33 elementor-top-column elementor-element elementor-element-4275747\" data-id=\"4275747\" data-element_type=\"column\" data-e-type=\"column\">\n\t\t\t<div class=\"elementor-widget-wrap elementor-element-populated\">\n\t\t\t\t\t\t<div class=\"elementor-element elementor-element-970a8d2 elementor-widget elementor-widget-image\" data-id=\"970a8d2\" data-element_type=\"widget\" data-e-type=\"widget\" data-widget_type=\"image.default\">\n\t\t\t\t<div class=\"elementor-widget-container\">\n\t\t\t\t\t\t\t\t\t\t\t\t\t\t\t\t<a href=\"http:\/\/fotokreis-siegen.de\/wp-content\/uploads\/2026\/05\/20260508-07.jpg\" data-elementor-open-lightbox=\"yes\" data-elementor-lightbox-title=\"Hermann Geppert - Altstadt von Budva (2. Platz)\" data-e-action-hash=\"#elementor-action%3Aaction%3Dlightbox%26settings%3DeyJpZCI6MjUzNjMsInVybCI6Imh0dHBzOlwvXC9mb3Rva3JlaXMtc2llZ2VuLmRlXC93cC1jb250ZW50XC91cGxvYWRzXC8yMDI2XC8wNVwvMjAyNjA1MDgtMDcuanBnIn0%3D\">\n\t\t\t\t\t\t\t<img decoding=\"async\" width=\"150\" height=\"150\" src=\"https:\/\/fotokreis-siegen.de\/wp-content\/uploads\/2026\/05\/20260508-07-150x150.jpg\" class=\"attachment-thumbnail size-thumbnail wp-image-25363\" alt=\"\" \/>\t\t\t\t\t\t\t\t<\/a>\n\t\t\t\t\t\t\t\t\t\t\t\t\t\t\t<\/div>\n\t\t\t\t<\/div>\n\t\t\t\t<div class=\"elementor-element elementor-element-30dfb53 elementor-widget elementor-widget-image\" data-id=\"30dfb53\" data-element_type=\"widget\" data-e-type=\"widget\" data-widget_type=\"image.default\">\n\t\t\t\t<div class=\"elementor-widget-container\">\n\t\t\t\t\t\t\t\t\t\t\t\t\t\t\t\t<a href=\"http:\/\/fotokreis-siegen.de\/wp-content\/uploads\/2026\/05\/20260508-04.jpeg\" data-elementor-open-lightbox=\"yes\" data-elementor-lightbox-title=\"Konrad Roeingh - Stolzer Hahn (3. Platz)\" data-e-action-hash=\"#elementor-action%3Aaction%3Dlightbox%26settings%3DeyJpZCI6MjUzNjIsInVybCI6Imh0dHBzOlwvXC9mb3Rva3JlaXMtc2llZ2VuLmRlXC93cC1jb250ZW50XC91cGxvYWRzXC8yMDI2XC8wNVwvMjAyNjA1MDgtMDQuanBlZyJ9\">\n\t\t\t\t\t\t\t<img decoding=\"async\" width=\"150\" height=\"150\" src=\"https:\/\/fotokreis-siegen.de\/wp-content\/uploads\/2026\/05\/20260508-04-150x150.jpeg\" class=\"attachment-thumbnail size-thumbnail wp-image-25362\" alt=\"\" \/>\t\t\t\t\t\t\t\t<\/a>\n\t\t\t\t\t\t\t\t\t\t\t\t\t\t\t<\/div>\n\t\t\t\t<\/div>\n\t\t\t\t\t<\/div>\n\t\t<\/div>\n\t\t\t\t\t<\/div>\n\t\t<\/section>\n\t\t\t\t<section class=\"elementor-section elementor-top-section elementor-element elementor-element-d4e9f77 elementor-section-boxed elementor-section-height-default elementor-section-height-default\" data-id=\"d4e9f77\" data-element_type=\"section\" data-e-type=\"section\">\n\t\t\t\t\t\t<div class=\"elementor-container elementor-column-gap-default\">\n\t\t\t\t\t<div class=\"elementor-column elementor-col-100 elementor-top-column elementor-element elementor-element-5aeceb3\" data-id=\"5aeceb3\" data-element_type=\"column\" data-e-type=\"column\">\n\t\t\t<div class=\"elementor-widget-wrap elementor-element-populated\">\n\t\t\t\t\t\t<div class=\"elementor-element elementor-element-ab66b8c elementor-widget elementor-widget-spacer\" data-id=\"ab66b8c\" data-element_type=\"widget\" data-e-type=\"widget\" data-widget_type=\"spacer.default\">\n\t\t\t\t<div class=\"elementor-widget-container\">\n\t\t\t\t\t\t\t<div class=\"elementor-spacer\">\n\t\t\t<div class=\"elementor-spacer-inner\"><\/div>\n\t\t<\/div>\n\t\t\t\t\t\t<\/div>\n\t\t\t\t<\/div>\n\t\t\t\t\t<\/div>\n\t\t<\/div>\n\t\t\t\t\t<\/div>\n\t\t<\/section>\n\t\t\t\t<section class=\"elementor-section elementor-top-section elementor-element elementor-element-77411ca elementor-section-boxed elementor-section-height-default elementor-section-height-default\" data-id=\"77411ca\" data-element_type=\"section\" data-e-type=\"section\">\n\t\t\t\t\t\t<div class=\"elementor-container elementor-column-gap-default\">\n\t\t\t\t\t<div class=\"elementor-column elementor-col-100 elementor-top-column elementor-element elementor-element-50f2ee7\" data-id=\"50f2ee7\" data-element_type=\"column\" data-e-type=\"column\">\n\t\t\t<div class=\"elementor-widget-wrap elementor-element-populated\">\n\t\t\t\t\t\t<div class=\"elementor-element elementor-element-5adf1f6 elementor-widget elementor-widget-text-editor\" data-id=\"5adf1f6\" data-element_type=\"widget\" data-e-type=\"widget\" data-widget_type=\"text-editor.default\">\n\t\t\t\t<div class=\"elementor-widget-container\">\n\t\t\t\t\t\t\t\t\t<p>Ab sofort finden die beiden Papierwettbewerbe BdM Color und BdM SW als Pr\u00e4senzveranstaltungen in unserem Clubraum statt. Die Wettbewerbe BdM Online (vorm. Projektion) und BdM Thema werden auch weiterhin als Online BdM durchgef\u00fchrt. Das Programm gibt es <a href=\"https:\/\/fotokreis-siegen.de\/?page_id=326\">hier<\/a>. Alle Termine finden Sie auch in unseren <a href=\"https:\/\/fotokreis-siegen.de\/?page_id=21941\">Vereinskalender<\/a>.<\/p>\t\t\t\t\t\t\t\t<\/div>\n\t\t\t\t<\/div>\n\t\t\t\t\t<\/div>\n\t\t<\/div>\n\t\t\t\t\t<\/div>\n\t\t<\/section>\n\t\t\t\t<\/div>\n\t\t","protected":false},"excerpt":{"rendered":"<p>Der Fotokreis-Siegen e.V. ist ein Zusammenschlu\u00df von Amateurfotografen aus dem Kreis Siegen-Wittgenstein und den umliegenden Landkreisen. Unser Vereinstreffen finden regelm\u00e4\u00dfig freitags ab [&hellip;]<\/p>\n","protected":false},"author":2,"featured_media":0,"parent":0,"menu_order":0,"comment_status":"closed","ping_status":"closed","template":"elementor_header_footer","meta":{"footnotes":""},"class_list":["post-141","page","type-page","status-publish","hentry"],"jetpack_sharing_enabled":true,"_links":{"self":[{"href":"https:\/\/fotokreis-siegen.de\/index.php?rest_route=\/wp\/v2\/pages\/141","targetHints":{"allow":["GET"]}}],"collection":[{"href":"https:\/\/fotokreis-siegen.de\/index.php?rest_route=\/wp\/v2\/pages"}],"about":[{"href":"https:\/\/fotokreis-siegen.de\/index.php?rest_route=\/wp\/v2\/types\/page"}],"author":[{"embeddable":true,"href":"https:\/\/fotokreis-siegen.de\/index.php?rest_route=\/wp\/v2\/users\/2"}],"replies":[{"embeddable":true,"href":"https:\/\/fotokreis-siegen.de\/index.php?rest_route=%2Fwp%2Fv2%2Fcomments&post=141"}],"version-history":[{"count":1598,"href":"https:\/\/fotokreis-siegen.de\/index.php?rest_route=\/wp\/v2\/pages\/141\/revisions"}],"predecessor-version":[{"id":25366,"href":"https:\/\/fotokreis-siegen.de\/index.php?rest_route=\/wp\/v2\/pages\/141\/revisions\/25366"}],"wp:attachment":[{"href":"https:\/\/fotokreis-siegen.de\/index.php?rest_route=%2Fwp%2Fv2%2Fmedia&parent=141"}],"curies":[{"name":"wp","href":"https:\/\/api.w.org\/{rel}","templated":true}]}}