{"id":1124,"date":"2020-01-04T15:21:42","date_gmt":"2020-01-04T15:21:42","guid":{"rendered":"http:\/\/fotokreis-siegen.de\/?page_id=1124"},"modified":"2024-11-23T20:03:16","modified_gmt":"2024-11-23T19:03:16","slug":"mitglied-werden","status":"publish","type":"page","link":"https:\/\/fotokreis-siegen.de\/?page_id=1124","title":{"rendered":"Mitgliedschaft"},"content":{"rendered":"\t\t<div data-elementor-type=\"wp-page\" data-elementor-id=\"1124\" class=\"elementor elementor-1124\">\n\t\t\t\t\t\t<section class=\"elementor-section elementor-top-section elementor-element elementor-element-45a07da elementor-section-boxed elementor-section-height-default elementor-section-height-default\" data-id=\"45a07da\" data-element_type=\"section\" data-e-type=\"section\">\n\t\t\t\t\t\t<div class=\"elementor-container elementor-column-gap-default\">\n\t\t\t\t\t<div class=\"elementor-column elementor-col-100 elementor-top-column elementor-element elementor-element-9156fd4\" data-id=\"9156fd4\" data-element_type=\"column\" data-e-type=\"column\">\n\t\t\t<div class=\"elementor-widget-wrap elementor-element-populated\">\n\t\t\t\t\t\t<div class=\"elementor-element elementor-element-8088be3 elementor-widget elementor-widget-heading\" data-id=\"8088be3\" data-element_type=\"widget\" data-e-type=\"widget\" data-widget_type=\"heading.default\">\n\t\t\t\t<div class=\"elementor-widget-container\">\n\t\t\t\t\t<h2 class=\"elementor-heading-title elementor-size-default\">Mitgliedschaft<\/h2>\t\t\t\t<\/div>\n\t\t\t\t<\/div>\n\t\t\t\t\t<\/div>\n\t\t<\/div>\n\t\t\t\t\t<\/div>\n\t\t<\/section>\n\t\t\t\t<section class=\"elementor-section elementor-top-section elementor-element elementor-element-3f4587e elementor-section-boxed elementor-section-height-default elementor-section-height-default\" data-id=\"3f4587e\" data-element_type=\"section\" data-e-type=\"section\">\n\t\t\t\t\t\t<div class=\"elementor-container elementor-column-gap-default\">\n\t\t\t\t\t<div class=\"elementor-column elementor-col-100 elementor-top-column elementor-element elementor-element-ee9e5ca\" data-id=\"ee9e5ca\" data-element_type=\"column\" data-e-type=\"column\">\n\t\t\t<div class=\"elementor-widget-wrap elementor-element-populated\">\n\t\t\t\t\t\t<div class=\"elementor-element elementor-element-6edefec elementor-widget elementor-widget-spacer\" data-id=\"6edefec\" data-element_type=\"widget\" data-e-type=\"widget\" data-widget_type=\"spacer.default\">\n\t\t\t\t<div class=\"elementor-widget-container\">\n\t\t\t\t\t\t\t<div class=\"elementor-spacer\">\n\t\t\t<div class=\"elementor-spacer-inner\"><\/div>\n\t\t<\/div>\n\t\t\t\t\t\t<\/div>\n\t\t\t\t<\/div>\n\t\t\t\t\t<\/div>\n\t\t<\/div>\n\t\t\t\t\t<\/div>\n\t\t<\/section>\n\t\t\t\t<section class=\"elementor-section elementor-top-section elementor-element elementor-element-4de4486 elementor-section-boxed elementor-section-height-default elementor-section-height-default\" data-id=\"4de4486\" data-element_type=\"section\" data-e-type=\"section\">\n\t\t\t\t\t\t<div class=\"elementor-container elementor-column-gap-default\">\n\t\t\t\t\t<div class=\"elementor-column elementor-col-50 elementor-top-column elementor-element elementor-element-764ea09\" data-id=\"764ea09\" data-element_type=\"column\" data-e-type=\"column\">\n\t\t\t<div class=\"elementor-widget-wrap elementor-element-populated\">\n\t\t\t\t\t\t<div class=\"elementor-element elementor-element-018d43a elementor-widget elementor-widget-image\" data-id=\"018d43a\" data-element_type=\"widget\" data-e-type=\"widget\" data-widget_type=\"image.default\">\n\t\t\t\t<div class=\"elementor-widget-container\">\n\t\t\t\t\t\t\t\t\t\t\t\t\t\t\t<img decoding=\"async\" width=\"150\" height=\"150\" src=\"https:\/\/fotokreis-siegen.de\/wp-content\/uploads\/2020\/01\/kamera_objektiv_sw-150x150.jpg\" class=\"attachment-thumbnail size-thumbnail wp-image-1150\" alt=\"\" srcset=\"https:\/\/fotokreis-siegen.de\/wp-content\/uploads\/2020\/01\/kamera_objektiv_sw-150x150.jpg 150w, https:\/\/fotokreis-siegen.de\/wp-content\/uploads\/2020\/01\/kamera_objektiv_sw-300x300.jpg 300w, https:\/\/fotokreis-siegen.de\/wp-content\/uploads\/2020\/01\/kamera_objektiv_sw-1024x1024.jpg 1024w, https:\/\/fotokreis-siegen.de\/wp-content\/uploads\/2020\/01\/kamera_objektiv_sw-768x768.jpg 768w, https:\/\/fotokreis-siegen.de\/wp-content\/uploads\/2020\/01\/kamera_objektiv_sw-1536x1536.jpg 1536w, https:\/\/fotokreis-siegen.de\/wp-content\/uploads\/2020\/01\/kamera_objektiv_sw-830x830.jpg 830w, https:\/\/fotokreis-siegen.de\/wp-content\/uploads\/2020\/01\/kamera_objektiv_sw-230x230.jpg 230w, https:\/\/fotokreis-siegen.de\/wp-content\/uploads\/2020\/01\/kamera_objektiv_sw-350x350.jpg 350w, https:\/\/fotokreis-siegen.de\/wp-content\/uploads\/2020\/01\/kamera_objektiv_sw-480x480.jpg 480w, https:\/\/fotokreis-siegen.de\/wp-content\/uploads\/2020\/01\/kamera_objektiv_sw.jpg 1919w\" sizes=\"(max-width: 150px) 100vw, 150px\" \/>\t\t\t\t\t\t\t\t\t\t\t\t\t\t\t<\/div>\n\t\t\t\t<\/div>\n\t\t\t\t\t<\/div>\n\t\t<\/div>\n\t\t\t\t<div class=\"elementor-column elementor-col-50 elementor-top-column elementor-element elementor-element-2cc7a39\" data-id=\"2cc7a39\" data-element_type=\"column\" data-e-type=\"column\">\n\t\t\t<div class=\"elementor-widget-wrap elementor-element-populated\">\n\t\t\t\t\t\t<div class=\"elementor-element elementor-element-08ec93d elementor-widget elementor-widget-text-editor\" data-id=\"08ec93d\" data-element_type=\"widget\" data-e-type=\"widget\" data-widget_type=\"text-editor.default\">\n\t\t\t\t<div class=\"elementor-widget-container\">\n\t\t\t\t\t\t\t\t\t<p>Wir sind ein Verein von gleichgesinnten Frauen und M\u00e4nnern mit einer langen Tradition, die das Hobby der Fotografie lieben und in Gespr\u00e4chen unsere Meinungen austauschen. Wichtig ist, dass wir nicht die Aufnahmetechnik und die Fotoausr\u00fcstung in den Vordergrund stellen, sondern das Bild selbst und die Ideen dahinter.<\/p><p>Wenn auch Sie gerne fotografieren und Gleichgesinnte treffen m\u00f6chten, dann kann eine Mitgliedschaft im Fotokreis das geliebte Hobby der Fotografie vielleicht auch bei Ihnen zu neuer Motivation und Ausprobieren inspirieren.<\/p>\t\t\t\t\t\t\t\t<\/div>\n\t\t\t\t<\/div>\n\t\t\t\t\t<\/div>\n\t\t<\/div>\n\t\t\t\t\t<\/div>\n\t\t<\/section>\n\t\t\t\t<section class=\"elementor-section elementor-top-section elementor-element elementor-element-7c4418e elementor-section-boxed elementor-section-height-default elementor-section-height-default\" data-id=\"7c4418e\" data-element_type=\"section\" data-e-type=\"section\">\n\t\t\t\t\t\t<div class=\"elementor-container elementor-column-gap-default\">\n\t\t\t\t\t<div class=\"elementor-column elementor-col-100 elementor-top-column elementor-element elementor-element-a6d4cf9\" data-id=\"a6d4cf9\" data-element_type=\"column\" data-e-type=\"column\">\n\t\t\t<div class=\"elementor-widget-wrap elementor-element-populated\">\n\t\t\t\t\t\t<div class=\"elementor-element elementor-element-db58364 elementor-widget elementor-widget-spacer\" data-id=\"db58364\" data-element_type=\"widget\" data-e-type=\"widget\" data-widget_type=\"spacer.default\">\n\t\t\t\t<div class=\"elementor-widget-container\">\n\t\t\t\t\t\t\t<div class=\"elementor-spacer\">\n\t\t\t<div class=\"elementor-spacer-inner\"><\/div>\n\t\t<\/div>\n\t\t\t\t\t\t<\/div>\n\t\t\t\t<\/div>\n\t\t\t\t\t<\/div>\n\t\t<\/div>\n\t\t\t\t\t<\/div>\n\t\t<\/section>\n\t\t\t\t<section class=\"elementor-section elementor-top-section elementor-element elementor-element-f46bb6d elementor-section-boxed elementor-section-height-default elementor-section-height-default\" data-id=\"f46bb6d\" data-element_type=\"section\" data-e-type=\"section\">\n\t\t\t\t\t\t<div class=\"elementor-container elementor-column-gap-default\">\n\t\t\t\t\t<div class=\"elementor-column elementor-col-50 elementor-top-column elementor-element elementor-element-5efd26f\" data-id=\"5efd26f\" data-element_type=\"column\" data-e-type=\"column\">\n\t\t\t<div class=\"elementor-widget-wrap elementor-element-populated\">\n\t\t\t\t\t\t<div class=\"elementor-element elementor-element-085dcf0 elementor-widget elementor-widget-image\" data-id=\"085dcf0\" data-element_type=\"widget\" data-e-type=\"widget\" data-widget_type=\"image.default\">\n\t\t\t\t<div class=\"elementor-widget-container\">\n\t\t\t\t\t\t\t\t\t\t\t\t\t\t\t<img fetchpriority=\"high\" decoding=\"async\" width=\"300\" height=\"225\" src=\"https:\/\/fotokreis-siegen.de\/wp-content\/uploads\/2020\/01\/IMG_5019-300x225.jpg\" class=\"attachment-medium size-medium wp-image-1139\" alt=\"\" srcset=\"https:\/\/fotokreis-siegen.de\/wp-content\/uploads\/2020\/01\/IMG_5019-300x225.jpg 300w, https:\/\/fotokreis-siegen.de\/wp-content\/uploads\/2020\/01\/IMG_5019-1024x768.jpg 1024w, https:\/\/fotokreis-siegen.de\/wp-content\/uploads\/2020\/01\/IMG_5019-768x576.jpg 768w, https:\/\/fotokreis-siegen.de\/wp-content\/uploads\/2020\/01\/IMG_5019-830x623.jpg 830w, https:\/\/fotokreis-siegen.de\/wp-content\/uploads\/2020\/01\/IMG_5019-230x173.jpg 230w, https:\/\/fotokreis-siegen.de\/wp-content\/uploads\/2020\/01\/IMG_5019-350x263.jpg 350w, https:\/\/fotokreis-siegen.de\/wp-content\/uploads\/2020\/01\/IMG_5019-480x360.jpg 480w, https:\/\/fotokreis-siegen.de\/wp-content\/uploads\/2020\/01\/IMG_5019.jpg 1280w\" sizes=\"(max-width: 300px) 100vw, 300px\" \/>\t\t\t\t\t\t\t\t\t\t\t\t\t\t\t<\/div>\n\t\t\t\t<\/div>\n\t\t\t\t\t<\/div>\n\t\t<\/div>\n\t\t\t\t<div class=\"elementor-column elementor-col-50 elementor-top-column elementor-element elementor-element-0ed1255\" data-id=\"0ed1255\" data-element_type=\"column\" data-e-type=\"column\">\n\t\t\t<div class=\"elementor-widget-wrap elementor-element-populated\">\n\t\t\t\t\t\t<div class=\"elementor-element elementor-element-f3d39f8 elementor-widget elementor-widget-text-editor\" data-id=\"f3d39f8\" data-element_type=\"widget\" data-e-type=\"widget\" data-widget_type=\"text-editor.default\">\n\t\t\t\t<div class=\"elementor-widget-container\">\n\t\t\t\t\t\t\t\t\t<div>Wir treffen uns immer freitags (Im Clubraum) und donnerstags (Online) um 20 Uhr, auch in den Schulferien, nicht an Feiertagen. Lediglich nach einer Weihnachtsfeier in der ersten Dezemberh\u00e4lfte machen wir eine Pause.\u00a0<\/div><div>Bei fast allen Clubabenden k\u00fcren wir ein \u201eBild des Monats\u201c (BdM).<\/div><div>\u00a0<\/div><div>Die Bilder des Monats finden in folgenden Sparten statt:<\/div><ul><li>BdM Online &#8211; Dieser Abend findet Online statt. Die Bilder werden drei Tage vorher per EMail zugesandt, danach findet eine Online Bewertung statt und an dem Donnerstagabend werden die Bilder in einer Online Veranstaltung besprochen.<\/li><li>BdM Color &#8211; F\u00fcr diesen Abend kann ein Papierbild in Farbe samt Passepartout\u00a0mitgebracht werden.<\/li><li>BdM Thema &#8211; Dieser Abend findet Online statt. Die Bilder werden drei Tage vorher per EMail zugesandt, danach findet eine Online Bewertung statt und an dem Donnerstagabend werden die Bilder in einer Online Veranstaltung besprochen.<\/li><li>BdM SchwarzWeiss &#8211; F\u00fcr diesen Abend kann ein Papierbild in Schwarz\/Weiss samt\u00a0Passepartout mitgebracht werden.<\/li><\/ul><p>Das komplette Programm der n\u00e4chsten drei Monate finden Sie auf unserer <a href=\"https:\/\/fotokreis-siegen.de\/?page_id=326\">Programm<\/a>-Seite.<\/p>\t\t\t\t\t\t\t\t<\/div>\n\t\t\t\t<\/div>\n\t\t\t\t\t<\/div>\n\t\t<\/div>\n\t\t\t\t\t<\/div>\n\t\t<\/section>\n\t\t\t\t<section class=\"elementor-section elementor-top-section elementor-element elementor-element-6d694fc elementor-section-boxed elementor-section-height-default elementor-section-height-default\" data-id=\"6d694fc\" data-element_type=\"section\" data-e-type=\"section\">\n\t\t\t\t\t\t<div class=\"elementor-container elementor-column-gap-default\">\n\t\t\t\t\t<div class=\"elementor-column elementor-col-100 elementor-top-column elementor-element elementor-element-496d648\" data-id=\"496d648\" data-element_type=\"column\" data-e-type=\"column\">\n\t\t\t<div class=\"elementor-widget-wrap elementor-element-populated\">\n\t\t\t\t\t\t<div class=\"elementor-element elementor-element-3ac62cc elementor-widget elementor-widget-spacer\" data-id=\"3ac62cc\" data-element_type=\"widget\" data-e-type=\"widget\" data-widget_type=\"spacer.default\">\n\t\t\t\t<div class=\"elementor-widget-container\">\n\t\t\t\t\t\t\t<div class=\"elementor-spacer\">\n\t\t\t<div class=\"elementor-spacer-inner\"><\/div>\n\t\t<\/div>\n\t\t\t\t\t\t<\/div>\n\t\t\t\t<\/div>\n\t\t\t\t\t<\/div>\n\t\t<\/div>\n\t\t\t\t\t<\/div>\n\t\t<\/section>\n\t\t\t\t<section class=\"elementor-section elementor-top-section elementor-element elementor-element-7c36697 elementor-section-boxed elementor-section-height-default elementor-section-height-default\" data-id=\"7c36697\" data-element_type=\"section\" data-e-type=\"section\">\n\t\t\t\t\t\t<div class=\"elementor-container elementor-column-gap-default\">\n\t\t\t\t\t<div class=\"elementor-column elementor-col-50 elementor-top-column elementor-element elementor-element-476e7a7\" data-id=\"476e7a7\" data-element_type=\"column\" data-e-type=\"column\">\n\t\t\t<div class=\"elementor-widget-wrap elementor-element-populated\">\n\t\t\t\t\t\t<div class=\"elementor-element elementor-element-a5e84f2 elementor-widget elementor-widget-image\" data-id=\"a5e84f2\" data-element_type=\"widget\" data-e-type=\"widget\" data-widget_type=\"image.default\">\n\t\t\t\t<div class=\"elementor-widget-container\">\n\t\t\t\t\t\t\t\t\t\t\t\t\t\t\t<img decoding=\"async\" width=\"300\" height=\"200\" src=\"https:\/\/fotokreis-siegen.de\/wp-content\/uploads\/2020\/01\/Haus_Seel_2017-300x200.jpg\" class=\"attachment-medium size-medium wp-image-1145\" alt=\"\" srcset=\"https:\/\/fotokreis-siegen.de\/wp-content\/uploads\/2020\/01\/Haus_Seel_2017-300x200.jpg 300w, https:\/\/fotokreis-siegen.de\/wp-content\/uploads\/2020\/01\/Haus_Seel_2017-1024x683.jpg 1024w, https:\/\/fotokreis-siegen.de\/wp-content\/uploads\/2020\/01\/Haus_Seel_2017-768x512.jpg 768w, https:\/\/fotokreis-siegen.de\/wp-content\/uploads\/2020\/01\/Haus_Seel_2017-1536x1024.jpg 1536w, https:\/\/fotokreis-siegen.de\/wp-content\/uploads\/2020\/01\/Haus_Seel_2017-830x553.jpg 830w, https:\/\/fotokreis-siegen.de\/wp-content\/uploads\/2020\/01\/Haus_Seel_2017-230x153.jpg 230w, https:\/\/fotokreis-siegen.de\/wp-content\/uploads\/2020\/01\/Haus_Seel_2017-350x233.jpg 350w, https:\/\/fotokreis-siegen.de\/wp-content\/uploads\/2020\/01\/Haus_Seel_2017-480x320.jpg 480w, https:\/\/fotokreis-siegen.de\/wp-content\/uploads\/2020\/01\/Haus_Seel_2017.jpg 1920w\" sizes=\"(max-width: 300px) 100vw, 300px\" \/>\t\t\t\t\t\t\t\t\t\t\t\t\t\t\t<\/div>\n\t\t\t\t<\/div>\n\t\t\t\t\t<\/div>\n\t\t<\/div>\n\t\t\t\t<div class=\"elementor-column elementor-col-50 elementor-top-column elementor-element elementor-element-e985bfa\" data-id=\"e985bfa\" data-element_type=\"column\" data-e-type=\"column\">\n\t\t\t<div class=\"elementor-widget-wrap elementor-element-populated\">\n\t\t\t\t\t\t<div class=\"elementor-element elementor-element-4eb30fa elementor-widget elementor-widget-text-editor\" data-id=\"4eb30fa\" data-element_type=\"widget\" data-e-type=\"widget\" data-widget_type=\"text-editor.default\">\n\t\t\t\t<div class=\"elementor-widget-container\">\n\t\t\t\t\t\t\t\t\t<p>Neben internen Wettbewerben in Form der w\u00f6chentlichen BdM-Abende k\u00f6nnen unsere Mitglieder, wenn auch eine Mitgliedschaft im Deutschen Verband f\u00fcr Fotografie (DVF) besteht, durch Sammelsendungen des Vereins an anderen DVF Wettbewerben teilnehmen.<\/p><p>Jedes Jahr veranstalten wir im Januar in der st\u00e4dtischen Galerie Haus Seel eine Jahresausstellung. Die Teilnahme steht allen unseren Mitglieder offen. Diese Ausstellung repr\u00e4sentiert die Werke unserer aktiven Mitglieder und bietet eine ideale Plattform die Bilder einer breiten \u00d6ffentlichkeit im Raum Siegen\/Olpe zu zeigen.<\/p>\t\t\t\t\t\t\t\t<\/div>\n\t\t\t\t<\/div>\n\t\t\t\t\t<\/div>\n\t\t<\/div>\n\t\t\t\t\t<\/div>\n\t\t<\/section>\n\t\t\t\t<section class=\"elementor-section elementor-top-section elementor-element elementor-element-c15ede0 elementor-section-boxed elementor-section-height-default elementor-section-height-default\" data-id=\"c15ede0\" data-element_type=\"section\" data-e-type=\"section\">\n\t\t\t\t\t\t<div class=\"elementor-container elementor-column-gap-default\">\n\t\t\t\t\t<div class=\"elementor-column elementor-col-100 elementor-top-column elementor-element elementor-element-3d9c49e\" data-id=\"3d9c49e\" data-element_type=\"column\" data-e-type=\"column\">\n\t\t\t<div class=\"elementor-widget-wrap elementor-element-populated\">\n\t\t\t\t\t\t<div class=\"elementor-element elementor-element-f4a1241 elementor-widget elementor-widget-text-editor\" data-id=\"f4a1241\" data-element_type=\"widget\" data-e-type=\"widget\" data-widget_type=\"text-editor.default\">\n\t\t\t\t<div class=\"elementor-widget-container\">\n\t\t\t\t\t\t\t\t\t<p>Wenn die Informationen Ihr Interesse an einer Mitgliedschaft in unserem Verein geweckt hat, finden Sie weitere Informationen und ein Anmeldebogen in unseren <a href=\"https:\/\/fotokreis-siegen.de\/?page_id=330\">Download<\/a> Bereich. F\u00fcr weitere Fragen kontaktieren Sie uns \u00fcber das <a href=\"https:\/\/fotokreis-siegen.de\/?page_id=142\">Kontaktformular<\/a>.<\/p>\t\t\t\t\t\t\t\t<\/div>\n\t\t\t\t<\/div>\n\t\t\t\t\t<\/div>\n\t\t<\/div>\n\t\t\t\t\t<\/div>\n\t\t<\/section>\n\t\t\t\t<\/div>\n\t\t","protected":false},"excerpt":{"rendered":"<p>Mitgliedschaft Wir sind ein Verein von gleichgesinnten Frauen und M\u00e4nnern mit einer langen Tradition, die das Hobby der Fotografie lieben und in [&hellip;]<\/p>\n","protected":false},"author":2,"featured_media":0,"parent":0,"menu_order":0,"comment_status":"closed","ping_status":"closed","template":"elementor_header_footer","meta":{"footnotes":""},"class_list":["post-1124","page","type-page","status-publish","hentry"],"jetpack_sharing_enabled":true,"_links":{"self":[{"href":"https:\/\/fotokreis-siegen.de\/index.php?rest_route=\/wp\/v2\/pages\/1124","targetHints":{"allow":["GET"]}}],"collection":[{"href":"https:\/\/fotokreis-siegen.de\/index.php?rest_route=\/wp\/v2\/pages"}],"about":[{"href":"https:\/\/fotokreis-siegen.de\/index.php?rest_route=\/wp\/v2\/types\/page"}],"author":[{"embeddable":true,"href":"https:\/\/fotokreis-siegen.de\/index.php?rest_route=\/wp\/v2\/users\/2"}],"replies":[{"embeddable":true,"href":"https:\/\/fotokreis-siegen.de\/index.php?rest_route=%2Fwp%2Fv2%2Fcomments&post=1124"}],"version-history":[{"count":50,"href":"https:\/\/fotokreis-siegen.de\/index.php?rest_route=\/wp\/v2\/pages\/1124\/revisions"}],"predecessor-version":[{"id":23212,"href":"https:\/\/fotokreis-siegen.de\/index.php?rest_route=\/wp\/v2\/pages\/1124\/revisions\/23212"}],"wp:attachment":[{"href":"https:\/\/fotokreis-siegen.de\/index.php?rest_route=%2Fwp%2Fv2%2Fmedia&parent=1124"}],"curies":[{"name":"wp","href":"https:\/\/api.w.org\/{rel}","templated":true}]}}